{"id":1359,"date":"2024-09-25T11:17:32","date_gmt":"2024-09-25T11:17:32","guid":{"rendered":"https:\/\/mgmodas.com\/?page_id=1359"},"modified":"2024-09-30T08:58:51","modified_gmt":"2024-09-30T08:58:51","slug":"politica-de-privacidad","status":"publish","type":"page","link":"https:\/\/mgmodas.com\/index.php\/politica-de-privacidad\/","title":{"rendered":"POL\u00cdTICA DE PRIVACIDAD"},"content":{"rendered":"<div class=\"wpb-content-wrapper\"><p>[vc_row][vc_column][vc_column_text css=\u00bb\u00bb]<\/p>\n<h3 class=\"wp-block-heading\">\u00a0<\/h3><p>Actualizaci\u00f3n: 25\/09\/2024<\/p><p>Te agradecer\u00edamos dedicaras unos minutos a leer nuestra declaraci\u00f3n de privacidad, te explicamos c\u00f3mo recopilamos los datos, como los usamos y c\u00f3mo tratamos tu informaci\u00f3n personal en MG MODAS<\/p><p>En esta declaraci\u00f3n de privacidad, te explicamos qu\u00e9 hacemos con los datos que obtenemos sobre usted a trav\u00e9s de https:\/\/mgmodas.com<\/p><p>Nuestra Pol\u00edtica de Privacidad afecta tanto a la informaci\u00f3n personal que nos proporcionas, as\u00ed como a todos los datos que nos facilites al acceder a cualquiera de los servicios disponibles en la web, a las suscripciones a contenidos, y al consentimiento que realizas cuando aceptas la pol\u00edtica de cookies.<\/p><p>Hemos intentado ser claros en la redacci\u00f3n, pero si tras la lectura tienes alguna duda puedes contactar con nosotros.<\/p><h3 class=\"wp-block-heading\"><strong>\u00bfQUI\u00c9N ES EL RESPONSABLE DE LA WEB?<\/strong><\/h3><ul class=\"wp-block-list\">\n<li style=\"list-style-type: none;\">\n<ul class=\"wp-block-list\"><\/p>\n<li>Responsable: \u00a0Marina Godino Candon<\/li>\n<li>Domicilio: c\/Alta 118, 19480, Gaucin, M\u00e1laga<\/li>\n<li>CIF: 15433020c<\/li>\n<li>Tel\u00e9fono: 622507164<\/li>\n<li>E-Mail:\u00a0<a href=\"mailto:info@matizmoda.es\">magocan34@hotmail.com<\/a><\/li>\n<\/ul>\n<\/li>\n<\/ul><h3 class=\"wp-block-heading\"><strong>\u00bfQU\u00c9 DATOS TRATAMOS?<\/strong><\/h3><p>En base al principio de minimizaci\u00f3n, los datos que podremos tratar ser\u00e1n adecuados, pertinentes y limitados a los necesarios en funci\u00f3n de los fines para los cuales son tratados, y respetando siempre la voluntad del cliente.<\/p><ul class=\"wp-block-list\">\n<li style=\"list-style-type: none;\">\n<ul class=\"wp-block-list\"><\/p>\n<li>Si necesitas contactar con nosotros los datos obligatorios que te solicitamos son tu nombre y apellidos, email y tel\u00e9fono.<\/li>\n<li>Para realizar una compra no es necesario que est\u00e9s registrado, puedes comprar como invitado. Pero necesitaremos los siguientes datos: Los datos que te solicitamos son: nombre y apellidos, DNI (opcional en pen\u00ednsula y Baleares obligatorio en las Islas Canarias, Ceuta y Melilla), direcci\u00f3n de entrega, tel\u00e9fono, direcci\u00f3n de correo electr\u00f3nico.<\/li>\n<li>Si creas una cuenta no ser\u00e1 necesario que vuelvas a completar el formulario de compra, guardaremos tus datos para una siguiente compra, s\u00f3lo tendr\u00e1s que identificarte con tu usuario y tu contrase\u00f1a.<\/li>\n<li>Para poder realizar comentarios de productos necesitamos tu Nombre y tu direcci\u00f3n de Correo electr\u00f3nico.<\/li>\n<li>Datos de navegaci\u00f3n, durante la navegaci\u00f3n, cuando realizas un comentario o env\u00edas un formulario almacenamos tu IP.<\/li>\n<\/ul>\n<\/li>\n<\/ul><p>Si necesitamos tratar otras categor\u00edas de datos te informaremos antes y solicitaremos tu consentimiento si fuera necesario conforme a la normativa aplicable.<\/p><h3 class=\"wp-block-heading\"><strong>\u00a0<\/strong><\/h3><h3 class=\"wp-block-heading\"><strong>\u00bfPARA QU\u00c9 TRATAMOS TUS DATOS?<\/strong><\/h3><p>A estos efectos, los tratamientos realizados por MG MODAS son los siguientes:<\/p><ul class=\"wp-block-list\">\n<li style=\"list-style-type: none;\">\n<ul class=\"wp-block-list\"><\/p>\n<li><strong>Gesti\u00f3n de la relaci\u00f3n precontractual con los clientes<\/strong><\/li>\n<\/ul>\n<\/li>\n<\/ul><p>La informaci\u00f3n que nos proporciones durante el proceso de se utilizar\u00e1 para tramitar correctamente la contrataci\u00f3n del servicio, gestionar cualquier incidencia relacionada con el mismo y, en general, para proporcionar un servicio de atenci\u00f3n al cliente resolviendo dudas y respondiendo a consultas y solicitudes de informaci\u00f3n a trav\u00e9s de los distintos canales disponibles.<\/p><ul class=\"wp-block-list\">\n<li style=\"list-style-type: none;\">\n<ul class=\"wp-block-list\"><\/p>\n<li><strong>Gesti\u00f3n de la relaci\u00f3n de usuarios registrados<\/strong><\/li>\n<\/ul>\n<\/li>\n<\/ul><p>La informaci\u00f3n que nos proporciones en el proceso de registro se utilizar\u00e1 para la gesti\u00f3n de Usuarios de la tienda online, con el fin de que puedas crear tu cuenta de usuario, acceder a tu perfil, consultar tus pedidos y tu lista de deseos y realizar tu compra sin que tengas que introducir de nuevo tus datos identificativos nombre, apellidos y DNI, y datos de contacto, email y tel\u00e9fono en su caso y domicilio de entrega. Asimismo, MG MODAS podr\u00e1 remitir encuestas de satisfacci\u00f3n y valoraciones de productos.<\/p><ul class=\"wp-block-list\">\n<li style=\"list-style-type: none;\">\n<ul class=\"wp-block-list\"><\/p>\n<li><strong>Atenci\u00f3n al cliente o al usuario a trav\u00e9s del formulario de contacto o chat<\/strong><\/li>\n<\/ul>\n<\/li>\n<\/ul><p>Los datos personales que nos proporciones a trav\u00e9s del formulario de contacto o del chat habilitado en el sitio web, se tratar\u00e1n \u00fanicamente para atender tu consulta o petici\u00f3n. La informaci\u00f3n recabada se limita a datos identificativos y de contacto, as\u00ed como datos relacionados con la naturaleza de la petici\u00f3n que nos dirijas.<\/p><ul class=\"wp-block-list\">\n<li style=\"list-style-type: none;\">\n<ul class=\"wp-block-list\"><\/p>\n<li><strong>Env\u00edo de Newsletter y comunicaciones comerciales personalizadas<\/strong><\/li>\n<\/ul>\n<\/li>\n<\/ul><p>Utilizaremos tus datos identificativos y de contacto para enviarte informaci\u00f3n personalizada sobre las novedades de la p\u00e1gina web, noticias de inter\u00e9s sobre el servicio contratado, promociones y ofertas de nuestros productos.<\/p><p>La informaci\u00f3n se podr\u00e1 enviar por v\u00eda postal, telef\u00f3nica y\/o electr\u00f3nica, y puede implicar el env\u00edo de informaci\u00f3n personalizada acerca de nuestros productos.<\/p><p>Este tratamiento de datos conlleva el an\u00e1lisis previo de tu perfil de usuario o cliente para determinar cu\u00e1les son tus preferencias y, por tanto, cu\u00e1les pueden ser los productos que m\u00e1s encajan con tus h\u00e1bitos de navegaci\u00f3n y compra, a la hora de enviarte informaci\u00f3n.<\/p><p>Por ejemplo, en base a tu historial de compra y navegaci\u00f3n, podremos personalizar nuestras sugerencias acerca de productos que creemos que pueden interesarte.<\/p><ul class=\"wp-block-list\">\n<li style=\"list-style-type: none;\">\n<ul class=\"wp-block-list\"><\/p>\n<li><strong>Activar los mecanismos necesarios con objeto de prevenir y detectar el uso indebido de la Plataforma<\/strong><\/li>\n<\/ul>\n<\/li>\n<\/ul><p>En caso de consideramos que la operaci\u00f3n puede ser fraudulenta, podemos bloquear o cancelar tu cuenta.<\/p><h4 class=\"wp-block-heading\"><strong>\u00bfQU\u00c9 NOS LEGITIMA PARA TRATAR TUS DATOS?<\/strong><\/h4><p>La base de legitimaci\u00f3n para cada uno de los tratamientos y finalidades descritas es la siguiente:<\/p><ul class=\"wp-block-list\">\n<li style=\"list-style-type: none;\">\n<ul class=\"wp-block-list\"><\/p>\n<li><strong>Registro de usuarios:<\/strong>\u00a0es necesario para poder gestionar tu registro.<\/li>\n<li><strong>Compra:<\/strong>\u00a0es necesario para poder gestionar tus pedidos y cumplir con la relaci\u00f3n contractual.<\/li>\n<li><strong>Prevenci\u00f3n de fraudes<\/strong>: consideramos que tenemos un\u00a0<strong>inter\u00e9s leg\u00edtimo<\/strong>\u00a0para realizar las comprobaciones necesarias para detectar y prevenir posibles fraudes cuando realiza una compra<\/li>\n<li><strong>An\u00e1lisis y h\u00e1bitos de consumo:<\/strong>\u00a0tenemos\u00a0<strong>inter\u00e9s leg\u00edtimo<\/strong>\u00a0para para analizar el uso que haces de nuestra web, y el grado de satisfacci\u00f3n del usuario ya que entendemos que el tratamiento de estos datos tambi\u00e9n resulta beneficioso para ti porque la finalidad es mejorar la experiencia del usuario.<\/li>\n<li><strong>Atenci\u00f3n al cliente<\/strong>: este tratamiento es necesario para la gesti\u00f3n de incidencias relacionadas con tu pedido o el producto adquirido. El tratamiento es necesario para la ejecuci\u00f3n del contrato.<\/li>\n<li><strong>Prevenci\u00f3n de fraudes<\/strong>: consideramos que tenemos inter\u00e9s leg\u00edtimo para este tratamiento.<\/li>\n<li><strong>Ejercicio de derechos o reclamaciones relacionadas con nuestros productos<\/strong>, lo que nos legitima para tratar tus datos es el cumplimiento de obligaciones legales por nuestra parte.<\/li>\n<li><strong>Env\u00edo de Newsletter y comunicaciones comerciales personalizadas<\/strong>, la base de legitimaci\u00f3n es en el caso de que se trate de usuarios registrados, la base legitimadora ser\u00e1 el\u00a0inter\u00e9s leg\u00edtimo\u00a0deMG MODAS para llevar a cabo actividades de promoci\u00f3n a trav\u00e9s del env\u00edo de comunicaciones comerciales relacionadas con productos y servicios dirigidas a sus clientes.<\/li>\n<\/ul>\n<\/li>\n<\/ul><p>En el caso en que no te hayas registrado en el sitio web, podremos tratar tus datos de contacto para esta finalidad siempre que nos hayas dado tu consentimiento.<\/p><p><strong>PLAZOS DE CONSERVACI\u00d3N DE LA INFORMACI\u00d3N<\/strong><\/p><ul class=\"wp-block-list\">\n<li style=\"list-style-type: none;\">\n<ul class=\"wp-block-list\"><\/p>\n<li><strong>Usuarios registrados:<\/strong>\u00a0trataremos tus datos durante el tiempo en que mantenga la condici\u00f3n de usuario registrado, es decir, hasta que decidas darte de baja.<\/li>\n<li><strong>Compra de productos y atenci\u00f3n al cliente:<\/strong>\u00a0Trataremos tus datos durante el tiempo necesario para gestionar la compra de los productos que hayas adquirido, incluyendo posibles devoluciones, quejas o reclamaciones asociadas a la compra del producto o servicio en particular.<\/li>\n<li><strong>Contacto o solicitud de ejercicio de derechos:<\/strong>\u00a0cuando realizas una solicitud, trataremos tus datos durante el tiempo que sea necesario para atender tu solicitud o petici\u00f3n.<\/li>\n<li><strong>Env\u00edo de Newsletter<\/strong>: cuando te registras o consientes el env\u00edo de informaci\u00f3n comercial, trataremos tus datos hasta que se te des baja o canceles tu suscripci\u00f3n a la newsletter.<\/li>\n<\/ul>\n<\/li>\n<\/ul><h3 class=\"wp-block-heading\"><strong>INFORMACI\u00d3N QUE COMPARTIMOS: destinatarios o categor\u00edas destinatarios<\/strong><\/h3><p>MG MODAS tiene contratados para la gesti\u00f3n de algunas de las funciones necesarias para la prestaci\u00f3n del servicio, proveedores de confianza que podr\u00e1n tener acceso a datos personales, como es el caso de\u00a0<a href=\"https:\/\/stripe.com\/es\/privacy\">Stripe<\/a>\u00a0que utilizamos para aceptar pagos y gestionar la actividades comerciales u otros servicios tecnol\u00f3gicos.<\/p><p>Debe saber que cuando guardas los datos de tu tarjeta estos se almacenan en Stripe, nosotros no tenemos acceso a la informaci\u00f3n, ni manejamos datos de tu tarjeta.<\/p><p>Los proveedores actuar\u00e1n como encargados de tratamiento y estar\u00e1n obligados contractualmente a cumplir con sus obligaciones legales, a mantener la confidencialidad y secreto de la informaci\u00f3n. Algunos de estos proveedores est\u00e1n fuera de la Uni\u00f3n europea por lo que la cesi\u00f3n supondr\u00e1 una\u00a0<a href=\"https:\/\/matizmoda.es\/privacidad\/#_TRANSFERENCIAS_INTERNACIONALES_DE\">transferencia internacional de datos.<\/a><\/p><p>Adem\u00e1s, podremos comunicar los datos personales del CLIENTE a las distintas autoridades p\u00fablicas en virtud de una obligaci\u00f3n legal, como las autoridades fiscales, las autoridades judiciales, la polic\u00eda judicial, y cualquier otro que en funci\u00f3n de la normativa vigente resulte de aplicaci\u00f3n.<\/p><h2 class=\"wp-block-heading\"><strong>TRANSFERENCIAS INTERNACIONALES DE DATOS<\/strong><\/h2><p>Algunos de los prestadores mencionados est\u00e1n ubicados en territorios situados fuera del Espacio Econ\u00f3mico Europeo, algunos de estos pa\u00edses pueden tener un nivel de protecci\u00f3n de datos que se considera que no est\u00e1 equiparado al de la Comunidad Europea, como es el caso de EEUU.<\/p><p>Debes saber que el TJUE ha invalidado el Marco del Escudo de Privacidad que proteg\u00eda las transferencias de internacionales de datos entre la UE-EE. UU, pero ello implica que para que se puedan realizar es necesario que exista una base de legitimaci\u00f3n, por ello te informamos<\/p><h3 class=\"wp-block-heading\"><strong>Active Campaign<\/strong><\/h3><p>Te informamos que para el env\u00edo de Newsletter utilizamos a Active Campaign.<\/p><p>Active Campaign tienes los servidores en EEUU, la empresa a asegura haber adoptado las medidas necesarias para los usuarios est\u00e9s protegidos. \u00a0Puedes consultar su pol\u00edtica de privacidad\u00a0<a href=\"https:\/\/www.activecampaign.com\/legal\/privacy-policy\">pinchando en el enlace.<\/a><\/p><p>La base de legitimaci\u00f3n en el inter\u00e9s leg\u00edtimo a enviar informaci\u00f3n y ofertas en caso de usuarios registrados y el consentimiento en el caso de que no te hayas registrado<\/p><h3 class=\"wp-block-heading\"><strong>Google\u00a0Analytics<\/strong><\/h3><p>Utilizamos\u00a0\u00a0<a href=\"https:\/\/developers.google.com\/analytics\">Google\u00a0Analytics<\/a>\u00a0para analizar el uso que haces de nuestro sitio, mejorarlo y mejorar el posicionamiento.<\/p><p>Google Analytics es una herramienta de anal\u00edtica web que nos permite saber los h\u00e1bitos de navegaci\u00f3n de los usuarios y c\u00f3mo interact\u00faan con nuestro sitio web. \u00a0Google Analytics nos permite acceder a varios informes en los que se describe.<\/p><p>La direcci\u00f3n de IP son datos personales de acuerdo con la definici\u00f3n del RGPD. Las direcciones de IP nunca se exponen en un informe, por defecto, pero Google las utiliza para proveer datos de geolocalizaci\u00f3n,\u00a0por lo que para asegurarnos de que tus datos est\u00e9n protegidos, s\u00f3lo\u00a0utilizamos Google Analytics con la anonimizaci\u00f3n de IP activada.<\/p><p>Anonimizar la IP significa que Google acortar\u00e1 la direcci\u00f3n IP de los usuarios dentro de los estados miembros de la Uni\u00f3n Europea o en otros estados contratantes del Acuerdo sobre el Espacio Econ\u00f3mico Europeo. La direcci\u00f3n IP enviada por el navegador del usuario no se fusionar\u00e1 con otros datos proporcionados por Google.<\/p><p>Al anonimizar las IPS antes de transferirlas, y no transferir tu IP real,\u00a0entendemos que podemos usar esta tecnolog\u00eda sin tu consentimiento, ya que nos legitima el inter\u00e9s leg\u00edtimo a conocer el uso que se hace de nuestra web y poder mejorarla, as\u00ed como mejorar nuestro posicionamiento.<\/p><p><strong>Complemento de navegador de exclusi\u00f3n voluntaria de Google Analytics<\/strong><\/p><p>Si pese a la informaci\u00f3n anterior quieres evitar que Google Analytics utilice sus datos, puedes utilizar el complemento de navegador de exclusi\u00f3n voluntaria de Google Analytics para sitios web, desarrollado por Google.<\/p><p>Si deseas darte de baja,\u00a0puedes descargar e instalar el complemento para tu navegador web. Seg\u00fan informaci\u00f3n facilitada por Google, el complemento de exclusi\u00f3n voluntaria de Google Analytics est\u00e1 dise\u00f1ado para ser compatible con Chrome, Safari, Firefox y Microsoft Edge.<\/p><p>Para obtener el complemento sobre la exclusi\u00f3n voluntaria\u00a0\u00a0<a href=\"https:\/\/tools.google.com\/dlpage\/gaoptout?hl=es\">aqu\u00ed<\/a>.<\/p><h3 class=\"wp-block-heading\"><strong>Google reCAPTCHA<\/strong><\/h3><p>Este sitio web utiliza Google reCAPTCHA para comprobar si los datos introducidos en nuestro sitio web (en un formulario de contacto, por ejemplo) han sido introducidos por un humano o por un programa automatizado (\u201cbots\u201d).<\/p><p>Google reCAPTCHA analiza el comportamiento del visitante del sitio web bas\u00e1ndose en varias caracter\u00edsticas. Este an\u00e1lisis se inicia de forma autom\u00e1tica tan pronto como el visitante del sitio web entra en el sitio web.<\/p><p>Este servicio permite a Google determinar desde qu\u00e9 sitio web se ha enviado tu solicitud y desde qu\u00e9 direcci\u00f3n IP se ha utilizado el cuadro de introducci\u00f3n de texto de reCAPTCHA.<\/p><p>Adem\u00e1s de tu direcci\u00f3n IP, Google puede recoger otra informaci\u00f3n necesaria para proporcionarle este servicio y garantizar su funcionalidad.<\/p><p>La base jur\u00eddica para la transferencia de datos es el inter\u00e9s leg\u00edtimo (art. 6 apdo. 1 (f) del RGPD).<\/p><h3 class=\"wp-block-heading\"><strong>Google Fonts<\/strong><\/h3><p>Google Fonts, es un directorio interactivo y digital con m\u00e1s de 900 familias de fuentes tipogr\u00e1ficas de uso libre y gratuito.<\/p><p>Lo utilizamos para mostrar una representaci\u00f3n uniforme de nuestro sitio, de modo que es el servidor quien proporciona la tipograf\u00eda que necesitamos utilizar y el navegador es quien se encarga de mostr\u00e1rtelas adecuadamente.<\/p><p>La base jur\u00eddica para la transferencia de datos es el inter\u00e9s leg\u00edtimo (art. 6 apdo. 1 (f) del RGPD), ya que su uso se realiza en aras de una presentaci\u00f3n uniforme y atractiva de nuestro sitio.<\/p><p>Puede encontrar m\u00e1s informaci\u00f3n sobre el manejo de los datos del usuario en\u00a0<a href=\"https:\/\/developers.google.com\/fonts\/faq\">https:\/\/developers.google.com\/fonts\/faq<\/a>\u00a0y en la\u00a0<a href=\"https:\/\/www.google.com\/policies\/privacy\/%20\">pol\u00edtica de privacidad de Google<\/a>.<\/p><h3 class=\"wp-block-heading\"><strong>Google maps<\/strong><\/h3><p>En nuestra p\u00e1gina web se facilita la utilidad de Google Maps. Google maps puede tener acceso a tu ubicaci\u00f3n si das tu consentimiento, con el fin de facilitarte una mayor especificidad sobre la distancia y\/o caminos nuestra tienda f\u00edsica. A este respecto, nos remitimos a la Pol\u00edtica de Privacidad utilizada por\u00a0<a href=\"https:\/\/about.google\/brand-resource-center\/products-and-services\/geo-guidelines\/\">Google Maps<\/a>, con el fin de conocer el uso y tratamiento de tales datos.<\/p><p>Este tratamiento est\u00e1 justificado por el inter\u00e9s leg\u00edtimo (art. 6 apdo. 1 (f) del RGPD), ya que su uso se realiza en aras de facilitar el acceso a nuestra localizaci\u00f3n f\u00edsica.<\/p><h3 class=\"wp-block-heading\"><strong>Redes sociales<\/strong><\/h3><p>Operamos varias cuentas en redes o plataformas de redes sociales con el fin de comunicarnos con nuestros clientes, partes interesadas y otros usuarios, y tambi\u00e9n para mantenerlos informados sobre nuestras marcas, productos y servicios.<\/p><p>Las empresas de redes sociales pueden tratar los datos de los usuarios en pa\u00edses que no tiene un nivel de protecci\u00f3n adecuado conforme a la normativa europea.<\/p><p>Aunque las redes sociales se comprometen a cumplir con la normativa de protecci\u00f3n de datos de la UE, debes tener en cuenta que cuando visitas los sitios web de las plataformas de redes sociales, estas suelen tratar tus datos para elaborar estudios de mercado y con fines publicitarios. Por ejemplo, pueden elaborarse perfiles de usuario bas\u00e1ndose en el comportamiento del usuario y en los intereses documentados de los usuarios, y que esos perfiles pueden utilizarse m\u00e1s tarde para colocar anuncios dentro y fuera de las plataformas, los cuales supuestamente encajar\u00e1n con sus intereses.<\/p><p>Para estos prop\u00f3sitos, suelen almacenarse cookies en el ordenador del usuario.<\/p><p>Adem\u00e1s, los datos tambi\u00e9n pueden guardarse en los perfiles de usuario, independientemente de los dispositivos que utilicen los usuarios (en particular si los usuarios son usuarios registrados de las plataformas correspondientes y tienen la sesi\u00f3n iniciada).<\/p><p>Cuando\u00a0visitas nuestros canales en las redes sociales, nosotros tratamos tus datos personales sobre la base de nuestros intereses leg\u00edtimos de conformidad con el art. 6, apdo. 1 (f) del RGPD.<\/p><p>Con respecto al ejercicio de los derechos que te asisten en virtud del RGPD en cuanto interesado, queremos se\u00f1alar que es m\u00e1s efectivo hacerlos valer ante los respectivos proveedores de redes sociales.<\/p><p>Solo los proveedores de redes sociales tienen acceso a tus datos personales y son ellos los que pueden adoptar directamente medidas apropiadas y proporcionarte informaci\u00f3n. En cualquier caso, si necesitaras ayuda, contacta con nosotros.<\/p><p>Para obtener una descripci\u00f3n detallada de las operaciones de tratamiento respectivas y las opciones de exclusi\u00f3n, consulta la pol\u00edtica de privacidad de las empresas de redes sociales<\/p><h3 class=\"wp-block-heading\"><strong>EJERCICIO DE DERECHOS<\/strong><\/h3><p>MG MODAS\u00a0\u00a0garantiza la adopci\u00f3n de las medidas necesarias para asegurar al interlocutor el ejercicio gratuito de los derechos que le correspondan de acceso, rectificaci\u00f3n, supresi\u00f3n, limitaci\u00f3n, oposici\u00f3n y portabilidad, puedes obtener m\u00e1s informaci\u00f3n acerca de estos derechos\u00a0<a href=\"https:\/\/www.aepd.es\/es\/derechos-y-deberes\/conoce-tus-derechos\">pinchando en el siguiente enlace<\/a><\/p><p>MG MODAS te facilita su ejercicio a trav\u00e9s de los siguientes medios:<\/p><ul class=\"wp-block-list\">\n<li style=\"list-style-type: none;\">\n<ul class=\"wp-block-list\"><\/p>\n<li>accediendo a tu perfil, en el apartado GDPR podr\u00e1s consultar la informaci\u00f3n que recopilamos sobre t\u00ed.<\/li>\n<\/ul>\n<\/li>\n<\/ul><p>Tambi\u00e9n podr\u00e1s modificar tus datos o retirar el consentimiento que nos hayas facilitado.<\/p><ul class=\"wp-block-list\">\n<li style=\"list-style-type: none;\">\n<ul class=\"wp-block-list\"><\/p>\n<li>escribiendo un correo electr\u00f3nico a\u00a0<a href=\"mailto:info@matizmoda.es\">magocan34@hotmail.com<\/a>\u00a0indicando qu\u00e9 derecho quieres ejercer y adjuntando copia de tu DNI cuando lo consideremos necesario.<\/li>\n<\/ul>\n<\/li>\n<\/ul><p>Tambi\u00e9n tienes derecho a presentar reclamaci\u00f3n ante la autoridad nacional de control, a estos efectos debe dirigirse a la Agencia Espa\u00f1ola de Protecci\u00f3n de Datos, cuyos datos de contacto son los siguientes:<\/p><p>Direcci\u00f3n: calle Jorge Juan, 6. 28001 \u2013 Madrid<\/p><p>Tel\u00e9fono: \u00a0912 663 517<\/p><p>O\u00a0 a trav\u00e9s de la sede electr\u00f3nica\u00a0<a href=\"https:\/\/sedeagpd.gob.es\/sede-electronica-web\/vistas\/infoSede\/tramitesCiudadano.jsf\">https:\/\/sedeagpd.gob.es\/sede-electronica-web\/vistas\/infoSede\/tramitesCiudadano.jsf<\/a><\/p><p><strong>Seguridad y confidencialidad en el tratamiento de tu informaci\u00f3n<\/strong><\/p><p>MG MODAS se preocupa por garantizar la seguridad, el secreto y la confidencialidad de tus datos.<\/p><p>Como parte de nuestro compromiso y en cumplimiento de la legislaci\u00f3n vigente, hemos adoptado las medidas de seguridad y medios t\u00e9cnicos necesarios para evitar la p\u00e9rdida de informaci\u00f3n, mal uso o su acceso sin autorizaci\u00f3n.<\/p><p>La comunicaci\u00f3n entre los usuarios y www.mgmodas.com utiliza un canal seguro, y los datos transmitidos son cifrados gracias a protocolos a https, por tanto, garantizamos las mejores condiciones de seguridad para que la confidencialidad de los usuarios est\u00e9 garantizada.<\/p><p><strong>Existencia de decisiones automatizadas que produzcan efectos jur\u00eddicos para el cliente<\/strong><\/p><p>Se informa de que, el tratamiento de sus datos para las finalidades indicadas, no implicar\u00e1 por parte de MG MODAS\u00a0\u00a0la aplicaci\u00f3n de decisiones automatizadas que produzcan efectos jur\u00eddicos para el cliente.<\/p><p><strong>Cookies<\/strong><\/p><p>Al igual que otros portales de Internet, nuestra web utiliza una tecnolog\u00eda denominada \u201ccookies.<\/p><p>Si deseas obtener informaci\u00f3n detallada sobre c\u00f3mo MG MODAS utiliza las cookies, puedes consultar\u00a0<a href=\"https:\/\/www.nunpet.es\/info\/politica-de-privacidad-y-cookies#cookies\">la <\/a>Pol\u00edtica de Cookies pinchando en este enlace.<\/p><p><strong>Miscel\u00e1nea<\/strong><\/p><p>MG MODAS podr\u00e1 actualizar la presente Pol\u00edtica de datos en cualquier momento comunic\u00e1ndoselo al cliente en el supuesto de que dicha actualizaci\u00f3n suponga nuevos tratamientos de datos o un cambio sustancial de la misma.<\/p><p>Te recomendamos que revises esta pol\u00edtica peri\u00f3dicamente.<\/p><p>En caso de que alguna de las disposiciones de estas condiciones, o parte de ellas, sea declarada ilegal, inv\u00e1lida o no aplicable por una entidad administrativa o judicial competente, se considerara por no puesta, sin que ello afecte a las dem\u00e1s disposiciones.<\/p><p>&nbsp;<\/p>\n<p>[\/vc_column_text][\/vc_column][\/vc_row]<\/p><\/div>","protected":false},"excerpt":{"rendered":"<p>[vc_row][vc_column][vc_column_text css=\u00bb\u00bb] \u00a0 Actualizaci\u00f3n: 25\/09\/2024 Te agradecer\u00edamos dedicaras unos minutos a leer nuestra declaraci\u00f3n de privacidad, te explicamos c\u00f3mo recopilamos los datos, como los usamos y c\u00f3mo tratamos tu informaci\u00f3n&hellip;<\/p>\n","protected":false},"author":1,"featured_media":0,"parent":0,"menu_order":0,"comment_status":"closed","ping_status":"closed","template":"","meta":{"footnotes":""},"class_list":["post-1359","page","type-page","status-publish","hentry"],"jetpack_sharing_enabled":true,"_links":{"self":[{"href":"https:\/\/mgmodas.com\/index.php\/wp-json\/wp\/v2\/pages\/1359","targetHints":{"allow":["GET"]}}],"collection":[{"href":"https:\/\/mgmodas.com\/index.php\/wp-json\/wp\/v2\/pages"}],"about":[{"href":"https:\/\/mgmodas.com\/index.php\/wp-json\/wp\/v2\/types\/page"}],"author":[{"embeddable":true,"href":"https:\/\/mgmodas.com\/index.php\/wp-json\/wp\/v2\/users\/1"}],"replies":[{"embeddable":true,"href":"https:\/\/mgmodas.com\/index.php\/wp-json\/wp\/v2\/comments?post=1359"}],"version-history":[{"count":2,"href":"https:\/\/mgmodas.com\/index.php\/wp-json\/wp\/v2\/pages\/1359\/revisions"}],"predecessor-version":[{"id":1398,"href":"https:\/\/mgmodas.com\/index.php\/wp-json\/wp\/v2\/pages\/1359\/revisions\/1398"}],"wp:attachment":[{"href":"https:\/\/mgmodas.com\/index.php\/wp-json\/wp\/v2\/media?parent=1359"}],"curies":[{"name":"wp","href":"https:\/\/api.w.org\/{rel}","templated":true}]}}