{"id":1356,"date":"2024-09-25T11:01:44","date_gmt":"2024-09-25T11:01:44","guid":{"rendered":"https:\/\/mgmodas.com\/?page_id=1356"},"modified":"2024-09-25T11:01:45","modified_gmt":"2024-09-25T11:01:45","slug":"aviso-legal","status":"publish","type":"page","link":"https:\/\/mgmodas.com\/index.php\/aviso-legal\/","title":{"rendered":"Aviso Legal"},"content":{"rendered":"<p><strong>Aviso legal y t\u00e9rminos de uso<\/strong><\/p><p>Con el fin de dar cumplimiento al art\u00edculo 10 de la Ley 34\/2002 de Servicios de la Sociedad de la Informaci\u00f3n y del Comercio Electr\u00f3nico, informamos a los usuarios de nuestros datos:<\/p><p>Responsable: \u00a0Marina Godino Candon<\/p><p>Domicilio: c\/Alta 118, 19480, Gaucin, M\u00e1laga<\/p><p>CIF: 15433020c<\/p><p>Tel\u00e9fono: 622507164<\/p><p>E-Mail:\u00a0<a href=\"mailto:info@matizmoda.es\">magocan34@hotmail.com<\/a><\/p><p><\/p><p><strong>CONDICIONES GENERALES DE USO<\/strong><\/p><p>Las presentes Condiciones Generales regulan el uso (incluyendo el mero acceso) a nuestra p\u00e1gina web.<\/p><p>Debes saber que si accedes a nuestra web\u00a0www.mgmodas.com (en lo sucesivo MG MODAS, la web o la tienda online), est\u00e1s aceptando las presentes Condiciones.<\/p><p><strong>COMPROMISOS Y OBLIGACIONES DE LOS USUARIOS<\/strong><\/p><p>El acceso a nuestra tienda<a href=\"https:\/\/www.matizmoda.es\/\"> www.mgmodas.com<\/a>\u00a0 es acceso libre y gratuito, y no se precisa registro. Si bien es necesario que completes el correspondiente formulario para contactar, comprar o dejar un comentario.<\/p><p>Cuando accedes a nuestra tienda online aceptas y\/o declaras que:<\/p><ul class=\"wp-block-list\"><li>El acceso a la presente web no supone el inicio de una relaci\u00f3n comercial con MG MODAS<\/li>\n\n<li>Utilizar\u00e1s el sitio Web, sus servicios y contenidos sin contravenir la legislaci\u00f3n vigente, la buena fe y el orden p\u00fablico.<\/li>\n\n<li>S\u00f3lo usar\u00e1s la web, con fines l\u00edcitos y te abstendr\u00e1s de cualquier uso que pueda resultar lesivo, o puedan causar perjuicio o impedir el normal funcionamiento del sitio web.<\/li>\n\n<li>No podr\u00e1s realizar ninguna solicitud especulativa, falsa o fraudulenta.<\/li>\n\n<li>Facilitar\u00e1s s\u00f3lo datos que sean ciertos y correctos, y si no facilitar\u00e1s datos de terceros te asegurar\u00e1s de tener su consentimiento.<\/li>\n\n<li>no llevar\u00e1s a cabo ninguna conducta que pudiera da\u00f1ar la imagen, los intereses y los derechos de www.mgmodas.com o de terceros o que pudiera da\u00f1ar, inutilizar o sobrecargar el portal\u00a0<a href=\"https:\/\/www.matizmoda.es\/\">es<\/a>\u00a0o que impidiera, de cualquier forma, la normal utilizaci\u00f3n de la web.<\/li>\n\n<li>Para comprar en MG MODAS es necesario que seas mayor de edad (18 a\u00f1os), por lo que, al realizar una solicitud a trav\u00e9s de este sitio web, garantiza\u00a0que eres mayor de 18 a\u00f1os y que tienes capacidad legal para celebrar contratos vinculantes.<\/li><\/ul><p><strong>DERECHOS DE PROPIEDAD INTELECTUAL E INDUSTRIAL<\/strong><\/p><p>Todos los elementos que forman MG MODAS, as\u00ed como su estructura, dise\u00f1o, c\u00f3digo fuente, as\u00ed como los logos, marcas y dem\u00e1s signos distintivos que aparecen en la misma, son titularidad de MG MODAS o de sus proveedores y est\u00e1n protegidos por los correspondientes derechos de propiedad intelectual e industrial.<\/p><p>Se proh\u00edbe expresamente la reproducci\u00f3n, transformaci\u00f3n, distribuci\u00f3n, comunicaci\u00f3n p\u00fablica, puesta a disposici\u00f3n del p\u00fablico, extracci\u00f3n, reutilizaci\u00f3n, reenv\u00edo o la utilizaci\u00f3n de cualquier naturaleza, por cualquier medio o procedimiento, de cualquiera de ellos, salvo en los casos en que est\u00e9 legalmente permitido o sea autorizado por la&nbsp;titular de los correspondientes derechos.<\/p><p>Cuando accedes a nuestro sitio, te\u00a0 comprometes a respetar los derechos de Propiedad Intelectual e Industrial titularidad www.mgmodas.com<\/p><p>Respecto a los contenidos de esta web se proh\u00edbe:<\/p><ul class=\"wp-block-list\"><li>Su reproducci\u00f3n, distribuci\u00f3n o modificaci\u00f3n, total o parcial, a menos que se cuente con la autorizaci\u00f3n de\u00a0MG MODAS<\/li>\n\n<li>Cualquier vulneraci\u00f3n de los derechos del prestador o de los leg\u00edtimos titulares;<\/li>\n\n<li>Su utilizaci\u00f3n para fines comerciales o publicitarios.<\/li><\/ul><p>Queremos que entiendas que el plagio de contenidos y\/o dise\u00f1os vulnera derechos, y se si tenemos conocimiento de que se ha producido una conducta il\u00edcita informaremos a las autoridades o iniciaremos las reclamaciones correspondientes.<\/p><p>Si tienes conocimiento de que se ha producido una violaci\u00f3n derechos de propiedad intelectual o industrial o tienes conocimiento de una actividad il\u00edcita, te rogamos nos lo comuniques enviando un email <a href=\"#\">a magocan34@hotmail.com<\/a>, indicando que derechos consideras infringidos, o qu\u00e9 contenidos \u00a0y su ubicaci\u00f3n en la web.<\/p><p><strong>ENLACES EXTERNOS<\/strong><\/p><p>Nuestra web www.mgmodas.com, puede contener enlaces a otros sitios web propios y contenidos que son propiedad de terceros.<\/p><p>La finalidad de dichos los enlaces es proporcionar al visitante la posibilidad de ampliar la informaci\u00f3n ofrecida en nuestro sitio web.<\/p><p>No hacemos una revisi\u00f3n peri\u00f3dica de los contenidos que enlazamos por lo que no podemos asumir ninguna responsabilidad por el contenido, informaciones o servicios que pudieran aparecer en dichos sitios y que en ning\u00fan caso implican relaci\u00f3n alguna entre MG MODAS y los sitios enlazados.<\/p><p>Tampoco podemos responder por el funcionamiento de la p\u00e1gina enlazada o de los posibles da\u00f1os que puedan derivarse del acceso o uso de la misma.<\/p><p>Es posible que otros sitios enlacen nuestra web, debes saber que el mero hecho de enlazar nuestra web no supone de por s\u00ed que exista ning\u00fan tipo de acuerdo, contrato, patrocinio ni recomendaci\u00f3n por parte de MG MODAS de la p\u00e1gina que realiza el enlace.<\/p><p>Los enlaces a la web de MG MODAS deber\u00e1n respetar las siguientes condiciones:<\/p><ol class=\"wp-block-list\"><li>La p\u00e1gina web en la que se establezca el hiperenlace no contendr\u00e1 informaciones con contenidos que sean il\u00edcitos, discriminatorios, contrarios a los principios \u00e9ticos com\u00fanmente aceptados o atenten contra el orden p\u00fablico, as\u00ed como tampoco contendr\u00e1 contenidos contrarios a cualesquiera derechos de terceros.<\/li>\n\n<li>MG MODAS podr\u00e1 solicitar que se retire un enlace a su web, sin necesidad de alegar causa alguna. En tal caso, la p\u00e1gina que haya realizado el enlace deber\u00e1 proceder a su inmediata supresi\u00f3n, tan pronto como reciba la notificaci\u00f3n MG MODAS.<\/li>\n\n<li>No se responsabiliza en modo alguno ni garantiza la calidad, exactitud, fiabilidad, correcci\u00f3n o moralidad de contenidos o servicios que el establecimiento del hiperenlace pueda ofrecer. El usuario asume bajo su exclusiva responsabilidad las consecuencias, da\u00f1os o acciones que pudieran derivarse del acceso a la p\u00e1gina web del hiperenlace.<\/li>\n\n<li>La p\u00e1gina web en la que se establezca el hiperenlace no podr\u00e1 contener marca, denominaci\u00f3n, logotipo, eslogan u otros signos distintivos pertenecientes a MG MODAS excepto aquellos signos que formen parte del mismo hiperenlace.<\/li><\/ol><p><strong>POL\u00cdTICA DE COMENTARIOS<\/strong><\/p><p>Queremos que nos cuentes tu opini\u00f3n, y compartas tu valoraci\u00f3n sobre las prendas, accesorios y complementos que encontrar\u00e1s en nuestra web, por lo que te permitimos realizar comentarios, tambi\u00e9n puedes realizar consultas si lo deseas.<\/p><p>S\u00f3lo admitiremos comentarios que est\u00e9n relacionados con nuestros productos.<\/p><p>Los comentarios que contengan contenido difamatorio, agravios, insultos, ataques personales o faltas de respeto en general ser\u00e1n eliminados.<\/p><p>Tambi\u00e9n suprimiremos los comentarios que contengan informaci\u00f3n que sea obviamente enga\u00f1osa o falsa, o informaci\u00f3n de car\u00e1cter personal o domicilios privado o tel\u00e9fonos y\/o vulneren nuestra pol\u00edtica de protecci\u00f3n de datos.<\/p><p>No admitimos comentarios creados con fines promocionales de una web, persona o colectivo, por lo que, los consideraremos como spam y ser\u00e1n eliminados.<\/p><p>Igualmente podremos eliminar los comentarios an\u00f3nimos o aquellos que sean realizados por una misma persona con distintos perfiles o apodos.<\/p><p><strong>DATOS PERSONALES QUE RECABAMOS Y C\u00d3MO LO HACEMOS<\/strong><\/p><p>Para saber qu\u00e9 datos recabamos y c\u00f3mo tratamos los datos y con qu\u00e9 finalidad consulta nuestra\u00a0Pol\u00edtica de Privacidad<\/p><p><strong>POL\u00cdTICA DE COOKIES<\/strong><\/p><p>Accede a nuestra Pol\u00edtica de Cookies pinchando en este enlace<\/p><p><strong>EXCLUSI\u00d3N DE GARANT\u00cdAS Y RESPONSABILIDAD<\/strong><\/p><p>MG MODAS se reserva el derecho a denegar o retirar el acceso a su web sin necesidad de preaviso a aquellos usuarios que incumplan las presentes condiciones generales de uso.<\/p><p>No nos hacemos responsable de los da\u00f1os y perjuicios de cualquier naturaleza que se produzcan a consecuencia de:<\/p><ul class=\"wp-block-list\"><li>La falta de disponibilidad, mantenimiento y efectivo funcionamiento de la web, o de sus servicios y contenidos;<\/li>\n\n<li>La existencia de virus, programas maliciosos o lesivos en los contenidos;<\/li>\n\n<li>El uso il\u00edcito, negligente, fraudulento, indebido o contrario a estas condiciones de uso;<\/li>\n\n<li>La falta de licitud, calidad, fiabilidad, utilidad y disponibilidad de los servicios prestados por terceros y puestos a disposici\u00f3n de los usuarios en el sitio web.<\/li><\/ul><p><strong>LEY APLICABLE Y JURISDICCI\u00d3N<\/strong><\/p><p>Las relaciones que se establezcan entre el usuario y MG MODAS se regir\u00e1n por la legislaci\u00f3n espa\u00f1ola que resulte aplicable.<\/p><p>Siempre que la normativa vigente al efecto prevea la posibilidad para las partes de someterse a un fuero determinado, para toda cuesti\u00f3n litigiosa derivada o relacionada con este Sitio Web, nos someteremos a los Juzgados y Tribunales de\u00a0M\u00e1laga<\/p>","protected":false},"excerpt":{"rendered":"<p>Aviso legal y t\u00e9rminos de uso Con el fin de dar cumplimiento al art\u00edculo 10 de la Ley 34\/2002 de Servicios de la Sociedad de la Informaci\u00f3n y del Comercio&hellip;<\/p>\n","protected":false},"author":1,"featured_media":0,"parent":0,"menu_order":0,"comment_status":"closed","ping_status":"closed","template":"","meta":{"footnotes":""},"class_list":["post-1356","page","type-page","status-publish","hentry"],"jetpack_sharing_enabled":true,"_links":{"self":[{"href":"https:\/\/mgmodas.com\/index.php\/wp-json\/wp\/v2\/pages\/1356","targetHints":{"allow":["GET"]}}],"collection":[{"href":"https:\/\/mgmodas.com\/index.php\/wp-json\/wp\/v2\/pages"}],"about":[{"href":"https:\/\/mgmodas.com\/index.php\/wp-json\/wp\/v2\/types\/page"}],"author":[{"embeddable":true,"href":"https:\/\/mgmodas.com\/index.php\/wp-json\/wp\/v2\/users\/1"}],"replies":[{"embeddable":true,"href":"https:\/\/mgmodas.com\/index.php\/wp-json\/wp\/v2\/comments?post=1356"}],"version-history":[{"count":1,"href":"https:\/\/mgmodas.com\/index.php\/wp-json\/wp\/v2\/pages\/1356\/revisions"}],"predecessor-version":[{"id":1357,"href":"https:\/\/mgmodas.com\/index.php\/wp-json\/wp\/v2\/pages\/1356\/revisions\/1357"}],"wp:attachment":[{"href":"https:\/\/mgmodas.com\/index.php\/wp-json\/wp\/v2\/media?parent=1356"}],"curies":[{"name":"wp","href":"https:\/\/api.w.org\/{rel}","templated":true}]}}